{"id":1041,"date":"2022-10-14T14:06:57","date_gmt":"2022-10-14T12:06:57","guid":{"rendered":"https:\/\/peggydiggledey.de\/?page_id=1041"},"modified":"2022-11-16T15:30:05","modified_gmt":"2022-11-16T13:30:05","slug":"neuigkeiten","status":"publish","type":"page","link":"https:\/\/peggydiggledey.de\/?page_id=1041","title":{"rendered":"Neuigkeiten"},"content":{"rendered":"<div class=\"fusion-fullwidth fullwidth-box fusion-builder-row-1 fusion-flex-container nonhundred-percent-fullwidth non-hundred-percent-height-scrolling\" style=\"background-color: rgba(255,255,255,0);background-position: center center;background-repeat: no-repeat;border-width: 0px 0px 0px 0px;border-color:var(--awb-color3);border-style:solid;\" ><div class=\"fusion-builder-row fusion-row fusion-flex-align-items-flex-start\" style=\"max-width:1248px;margin-left: calc(-4% \/ 2 );margin-right: calc(-4% \/ 2 );\"><div class=\"fusion-layout-column fusion_builder_column fusion-builder-column-0 fusion_builder_column_1_1 1_1 fusion-flex-column\"><div class=\"fusion-column-wrapper fusion-flex-justify-content-flex-start fusion-content-layout-column\" style=\"background-position:left top;background-repeat:no-repeat;-webkit-background-size:cover;-moz-background-size:cover;-o-background-size:cover;background-size:cover;padding: 0px 0px 0px 0px;\"><div class=\"fusion-blog-shortcode fusion-blog-shortcode-1 fusion-blog-archive fusion-blog-layout-large-alternate fusion-blog-infinite\"><style>.fusion-blog-shortcode.fusion-blog-shortcode-1 .entry-title{font-family:-apple-system, BlinkMacSystemFont, 'Segoe UI', Roboto, Oxygen-Sans, Ubuntu, Cantarell, 'Helvetica Neue' ,sans-serif !important;font-weight:400 !important;}<\/style><div class=\"fusion-posts-container fusion-posts-container-infinite fusion-blog-rollover\" data-pages=\"17\"><article id=\"blog-1-post-1464\" class=\"fusion-post-large-alternate post-1464 post type-post status-publish format-standard hentry category-allgemein\">\n\t<style type=\"text\/css\">\n\t\t\n\t\t\n\t\t\n\t\t\n\t\t\t<\/style>\n\n\n<div class=\"fusion-date-and-formats\"><div class=\"fusion-date-box updated\"><span class=\"fusion-date\">4<\/span><span class=\"fusion-month-year\">05, 2026<\/span><\/div><div class=\"fusion-format-box\"><i class=\"awb-icon-pen\" aria-hidden=\"true\"><\/i><\/div><\/div><div class=\"fusion-post-content post-content\"><h2 class=\"blog-shortcode-post-title entry-title\"><a href=\"https:\/\/peggydiggledey.de\/?p=1464\">Kindersocken-Aktion :-)<\/a><\/h2><p class=\"fusion-single-line-meta\">By <span class=\"vcard\"><span class=\"fn\"><a href=\"https:\/\/peggydiggledey.de\/?author=5\" title=\"Beitr\u00e4ge von Nina Claus\" rel=\"author\">Nina Claus<\/a><\/span><\/span><span class=\"fusion-inline-sep\">|<\/span><span class=\"updated\" style=\"display:none;\">2026-04-24T11:13:28+02:00<\/span><span>4. Mai 2026<\/span><span class=\"fusion-inline-sep\">|<\/span><\/p><div class=\"fusion-post-content-container\"><div class=\"xdj266r x14z9mp xat24cr x1lziwak x1vvkbs x126k92a\">\n<div dir=\"auto\">Weil wir dieses Jahr bereits <strong>10 Jahre im <span class=\"html-span xdj266r x14z9mp xat24cr x1lziwak xexx8yu xyri2b x18d9i69 x1c1uobl x1hl2dhg x16tdsg8 x1vvkbs\"><span class=\"xt0psk2\"><span class=\"xjp7ctv\">Herold Center<\/span><\/span><\/span> Norderstedt<\/strong> und <strong>15 Jahre im Elbe-Einkaufszentrum<\/strong> f\u00fcr Sie da sein d\u00fcrfen, haben wir viele kleine \u00dcberraschungen f\u00fcr Sie &#8211; \u00fcbers ganze Jahr verteilt &#8211; vorbereitet <span class=\"html-span xexx8yu xyri2b x18d9i69 x1c1uobl x1hl2dhg x16tdsg8 x1vvkbs x3nfvp2 x1j61x8r x1fcty0u xdj266r xat24cr xm2jcoa x1mpyi22 xxymvpz xlup9mm x1kky2od\"><img decoding=\"async\" class=\"xz74otr x15mokao x1ga7v0g x16uus16 xbiv7yw\" src=\"https:\/\/static.xx.fbcdn.net\/images\/emoji.php\/v9\/t4c\/1\/16\/1f642.png\" alt=\"\ud83d\ude42\" width=\"16\" height=\"16\" \/><\/span><\/div>\n<\/div>\n<div class=\"x14z9mp xat24cr x1lziwak x1vvkbs xtlvy1s x126k92a\">\n<div dir=\"auto\">Unter anderem diese hier:<\/div>\n<div dir=\"auto\"><a href=\"https:\/\/peggydiggledey.de\/wp-content\/uploads\/2026\/04\/Birthday_Lego_HP-und-FB-1.jpg\"><img decoding=\"async\" class=\"alignnone size-medium wp-image-1465\" src=\"https:\/\/peggydiggledey.de\/wp-content\/uploads\/2026\/04\/Birthday_Lego_HP-und-FB-1-300x300.jpg\" alt=\"\" width=\"300\" height=\"300\" srcset=\"https:\/\/peggydiggledey.de\/wp-content\/uploads\/2026\/04\/Birthday_Lego_HP-und-FB-1-66x66.jpg 66w, https:\/\/peggydiggledey.de\/wp-content\/uploads\/2026\/04\/Birthday_Lego_HP-und-FB-1-150x150.jpg 150w, https:\/\/peggydiggledey.de\/wp-content\/uploads\/2026\/04\/Birthday_Lego_HP-und-FB-1-200x200.jpg 200w, https:\/\/peggydiggledey.de\/wp-content\/uploads\/2026\/04\/Birthday_Lego_HP-und-FB-1-300x300.jpg 300w, https:\/\/peggydiggledey.de\/wp-content\/uploads\/2026\/04\/Birthday_Lego_HP-und-FB-1-400x400.jpg 400w, https:\/\/peggydiggledey.de\/wp-content\/uploads\/2026\/04\/Birthday_Lego_HP-und-FB-1-600x600.jpg 600w, https:\/\/peggydiggledey.de\/wp-content\/uploads\/2026\/04\/Birthday_Lego_HP-und-FB-1-768x768.jpg 768w, https:\/\/peggydiggledey.de\/wp-content\/uploads\/2026\/04\/Birthday_Lego_HP-und-FB-1-800x800.jpg 800w, https:\/\/peggydiggledey.de\/wp-content\/uploads\/2026\/04\/Birthday_Lego_HP-und-FB-1-1024x1024.jpg 1024w, https:\/\/peggydiggledey.de\/wp-content\/uploads\/2026\/04\/Birthday_Lego_HP-und-FB-1.jpg 1080w\" sizes=\"(max-width: 300px) 100vw, 300px\" \/><\/a><\/div>\n<\/div>\n<\/div><\/div><div class=\"fusion-clearfix\"><\/div><\/article>\n<article id=\"blog-1-post-1460\" class=\"fusion-post-large-alternate post-1460 post type-post status-publish format-standard hentry category-allgemein\">\n\t<style type=\"text\/css\">\n\t\t\n\t\t\n\t\t\n\t\t\n\t\t\t<\/style>\n\n\n<div class=\"fusion-date-and-formats\"><div class=\"fusion-date-box updated\"><span class=\"fusion-date\">14<\/span><span class=\"fusion-month-year\">04, 2026<\/span><\/div><div class=\"fusion-format-box\"><i class=\"awb-icon-pen\" aria-hidden=\"true\"><\/i><\/div><\/div><div class=\"fusion-post-content post-content\"><h2 class=\"blog-shortcode-post-title entry-title\"><a href=\"https:\/\/peggydiggledey.de\/?p=1460\">News!!!<\/a><\/h2><p class=\"fusion-single-line-meta\">By <span class=\"vcard\"><span class=\"fn\"><a href=\"https:\/\/peggydiggledey.de\/?author=5\" title=\"Beitr\u00e4ge von Nina Claus\" rel=\"author\">Nina Claus<\/a><\/span><\/span><span class=\"fusion-inline-sep\">|<\/span><span class=\"updated\" style=\"display:none;\">2026-04-14T14:01:17+02:00<\/span><span>14. April 2026<\/span><span class=\"fusion-inline-sep\">|<\/span><\/p><div class=\"fusion-post-content-container\"><div dir=\"auto\">Unser zuckers\u00fc\u00dfer Hammerhai hat endlich einen Namen!<\/div>\n<div dir=\"auto\">Ab jetzt d\u00fcrft ihr ihn <strong>ANTONIO<\/strong> nennen <span class=\"html-span xexx8yu xyri2b x18d9i69 x1c1uobl x1hl2dhg x16tdsg8 x1vvkbs x3nfvp2 x1j61x8r x1fcty0u xdj266r xat24cr xm2jcoa x1mpyi22 xxymvpz xlup9mm x1kky2od\"><img decoding=\"async\" class=\"xz74otr x15mokao x1ga7v0g x16uus16 xbiv7yw\" src=\"https:\/\/static.xx.fbcdn.net\/images\/emoji.php\/v9\/t4c\/1\/16\/1f642.png\" alt=\"\ud83d\ude42\" width=\"16\" height=\"16\" \/><\/span><\/div>\n<div dir=\"auto\">\n<span class=\"html-span xexx8yu xyri2b x18d9i69 x1c1uobl x1hl2dhg x16tdsg8 x1vvkbs x3nfvp2 x1j61x8r x1fcty0u xdj266r xat24cr xm2jcoa x1mpyi22 xxymvpz xlup9mm x1kky2od\"><a href=\"https:\/\/peggydiggledey.de\/wp-content\/uploads\/2026\/04\/Antonio.jpeg\"><img decoding=\"async\" class=\"size-medium wp-image-1461 alignleft\" src=\"https:\/\/peggydiggledey.de\/wp-content\/uploads\/2026\/04\/Antonio-300x225.jpeg\" alt=\"\" width=\"300\" height=\"225\" srcset=\"https:\/\/peggydiggledey.de\/wp-content\/uploads\/2026\/04\/Antonio-200x150.jpeg 200w, https:\/\/peggydiggledey.de\/wp-content\/uploads\/2026\/04\/Antonio-300x225.jpeg 300w, https:\/\/peggydiggledey.de\/wp-content\/uploads\/2026\/04\/Antonio-400x300.jpeg 400w, https:\/\/peggydiggledey.de\/wp-content\/uploads\/2026\/04\/Antonio-600x450.jpeg 600w, https:\/\/peggydiggledey.de\/wp-content\/uploads\/2026\/04\/Antonio-768x576.jpeg 768w, https:\/\/peggydiggledey.de\/wp-content\/uploads\/2026\/04\/Antonio-800x600.jpeg 800w, https:\/\/peggydiggledey.de\/wp-content\/uploads\/2026\/04\/Antonio-1024x768.jpeg 1024w, https:\/\/peggydiggledey.de\/wp-content\/uploads\/2026\/04\/Antonio-1200x900.jpeg 1200w, https:\/\/peggydiggledey.de\/wp-content\/uploads\/2026\/04\/Antonio-1536x1152.jpeg 1536w, https:\/\/peggydiggledey.de\/wp-content\/uploads\/2026\/04\/Antonio.jpeg 1600w\" sizes=\"(max-width: 300px) 100vw, 300px\" \/><\/a><\/span><\/div>\n<\/div><\/div><div class=\"fusion-clearfix\"><\/div><\/article>\n<article id=\"blog-1-post-1457\" class=\"fusion-post-large-alternate post-1457 post type-post status-publish format-standard hentry category-allgemein\">\n\t<style type=\"text\/css\">\n\t\t\n\t\t\n\t\t\n\t\t\n\t\t\t<\/style>\n\n\n<div class=\"fusion-date-and-formats\"><div class=\"fusion-date-box updated\"><span class=\"fusion-date\">1<\/span><span class=\"fusion-month-year\">04, 2026<\/span><\/div><div class=\"fusion-format-box\"><i class=\"awb-icon-pen\" aria-hidden=\"true\"><\/i><\/div><\/div><div class=\"fusion-post-content post-content\"><h2 class=\"blog-shortcode-post-title entry-title\"><a href=\"https:\/\/peggydiggledey.de\/?p=1457\">LEGO\u00ae-Sch\u00e4tzspiel: Die Gewinner:innen bekommen Post :-)<\/a><\/h2><p class=\"fusion-single-line-meta\">By <span class=\"vcard\"><span class=\"fn\"><a href=\"https:\/\/peggydiggledey.de\/?author=5\" title=\"Beitr\u00e4ge von Nina Claus\" rel=\"author\">Nina Claus<\/a><\/span><\/span><span class=\"fusion-inline-sep\">|<\/span><span class=\"updated\" style=\"display:none;\">2026-04-01T10:51:44+02:00<\/span><span>1. April 2026<\/span><span class=\"fusion-inline-sep\">|<\/span><\/p><div class=\"fusion-post-content-container\"><p><strong>Unsere Gl\u00fccksfee hat am vergangenen verkaufsoffenen Sonntag die Gewinner:innen von unserem LEGO\u00ae-Sch\u00e4tzspiel gezogen und die Preise haben sich heute per Post auf die Reise zu euch gemacht :-)<\/strong><\/p>\n<p><strong>Herzlichen Gl\u00fcckwunsch<\/strong><strong>\u00a0!!!<\/strong><\/p>\n<p>Insgesamt wurden 185 Teilnahmekarten abgegeben, davon haben 93 Teilnehmer:innen die richtige Anzahl an Legosteinen in der Box gesch\u00e4tzt. Aus diesen wurden dann die Gewinner:innen ausgelost.<\/p>\n<p><a href=\"https:\/\/peggydiggledey.de\/wp-content\/uploads\/2026\/04\/Gewinne.jpeg\"><img decoding=\"async\" class=\"size-medium wp-image-1458 aligncenter\" src=\"https:\/\/peggydiggledey.de\/wp-content\/uploads\/2026\/04\/Gewinne-300x217.jpeg\" alt=\"\" width=\"300\" height=\"217\" srcset=\"https:\/\/peggydiggledey.de\/wp-content\/uploads\/2026\/04\/Gewinne-200x145.jpeg 200w, https:\/\/peggydiggledey.de\/wp-content\/uploads\/2026\/04\/Gewinne-300x217.jpeg 300w, https:\/\/peggydiggledey.de\/wp-content\/uploads\/2026\/04\/Gewinne-400x290.jpeg 400w, https:\/\/peggydiggledey.de\/wp-content\/uploads\/2026\/04\/Gewinne-600x434.jpeg 600w, https:\/\/peggydiggledey.de\/wp-content\/uploads\/2026\/04\/Gewinne-768x556.jpeg 768w, https:\/\/peggydiggledey.de\/wp-content\/uploads\/2026\/04\/Gewinne-800x579.jpeg 800w, https:\/\/peggydiggledey.de\/wp-content\/uploads\/2026\/04\/Gewinne-1024x741.jpeg 1024w, https:\/\/peggydiggledey.de\/wp-content\/uploads\/2026\/04\/Gewinne-1200x869.jpeg 1200w, https:\/\/peggydiggledey.de\/wp-content\/uploads\/2026\/04\/Gewinne.jpeg 1481w\" sizes=\"(max-width: 300px) 100vw, 300px\" \/><\/a><\/p>\n<p>&nbsp;<\/p>\n<p>Wir w\u00fcnschen allen die ein P\u00e4ckchen bekommen viel Spa\u00df beim bauen und wer in dieser Woche kein Paket von uns bekommt, hat leider dieses Mal keine Gl\u00fccksstr\u00e4hne gehabt&#8230;<\/p>\n<p>Aber in diesem Jahr wird es bestimmt noch eine weitere M\u00f6glichkeit geben einen tollen Gewinn abzur\u00e4umen &#8211; es stehen n\u00e4mlich zwei Geburtstag an ;-) Mehr Infos dazu folgen im Sommer&#8230;.<\/p>\n<p>Mit verspielten Gr\u00fc\u00dfen<\/p>\n<p>Eure Peggy Diggledey-Crew<\/p>\n<\/div><\/div><div class=\"fusion-clearfix\"><\/div><\/article>\n<article id=\"blog-1-post-1454\" class=\"fusion-post-large-alternate post-1454 post type-post status-publish format-standard hentry category-allgemein\">\n\t<style type=\"text\/css\">\n\t\t\n\t\t\n\t\t\n\t\t\n\t\t\t<\/style>\n\n\n<div class=\"fusion-date-and-formats\"><div class=\"fusion-date-box updated\"><span class=\"fusion-date\">30<\/span><span class=\"fusion-month-year\">03, 2026<\/span><\/div><div class=\"fusion-format-box\"><i class=\"awb-icon-pen\" aria-hidden=\"true\"><\/i><\/div><\/div><div class=\"fusion-post-content post-content\"><h2 class=\"blog-shortcode-post-title entry-title\"><a href=\"https:\/\/peggydiggledey.de\/?p=1454\">Osterk\u00f6rbchen-Aktion im Herold Center<\/a><\/h2><p class=\"fusion-single-line-meta\">By <span class=\"vcard\"><span class=\"fn\"><a href=\"https:\/\/peggydiggledey.de\/?author=5\" title=\"Beitr\u00e4ge von Nina Claus\" rel=\"author\">Nina Claus<\/a><\/span><\/span><span class=\"fusion-inline-sep\">|<\/span><span class=\"updated\" style=\"display:none;\">2026-03-30T11:31:00+02:00<\/span><span>30. M\u00e4rz 2026<\/span><span class=\"fusion-inline-sep\">|<\/span><\/p><div class=\"fusion-post-content-container\"><p class=\"dtl-description__lead\">Macht mit bei der Osterk\u00f6rbchen-Aktion vom 1. &#8211; 4. April 2026 bei uns im Herold Center und freut euch auf viele Geschenke :-)<\/p>\n<div class=\"dtl-description__content tme-styles\">\n<p>Der Ablauf:<\/p>\n<p>Holt euch die Teilnahmekarte f\u00fcr euer buntes Osterk\u00f6rbchen bei uns im Gesch\u00e4ft ab, schnappt euch einen Laufzettel und lasst euer K\u00f6rbchen bei anderen teilnehmenden Shops im Herold Center mit kleinen Pr\u00e4senten f\u00fcllen. Solange der Vorrat reicht&#8230;.<\/p>\n<p>Wir w\u00fcnschen euch wundervolle Ostertage<\/p>\n<p><a href=\"https:\/\/peggydiggledey.de\/wp-content\/uploads\/2026\/03\/Ostern.jpeg\"><img decoding=\"async\" class=\"alignnone size-medium wp-image-1455\" src=\"https:\/\/peggydiggledey.de\/wp-content\/uploads\/2026\/03\/Ostern-300x158.jpeg\" alt=\"\" width=\"300\" height=\"158\" srcset=\"https:\/\/peggydiggledey.de\/wp-content\/uploads\/2026\/03\/Ostern-200x106.jpeg 200w, https:\/\/peggydiggledey.de\/wp-content\/uploads\/2026\/03\/Ostern-300x158.jpeg 300w, https:\/\/peggydiggledey.de\/wp-content\/uploads\/2026\/03\/Ostern-400x211.jpeg 400w, https:\/\/peggydiggledey.de\/wp-content\/uploads\/2026\/03\/Ostern-600x317.jpeg 600w, https:\/\/peggydiggledey.de\/wp-content\/uploads\/2026\/03\/Ostern-768x405.jpeg 768w, https:\/\/peggydiggledey.de\/wp-content\/uploads\/2026\/03\/Ostern-800x422.jpeg 800w, https:\/\/peggydiggledey.de\/wp-content\/uploads\/2026\/03\/Ostern-1024x540.jpeg 1024w, https:\/\/peggydiggledey.de\/wp-content\/uploads\/2026\/03\/Ostern-1200x633.jpeg 1200w, https:\/\/peggydiggledey.de\/wp-content\/uploads\/2026\/03\/Ostern.jpeg 1300w\" sizes=\"(max-width: 300px) 100vw, 300px\" \/><\/a>!<\/p>\n<p>Die Teilnahmebedingungen findet ihr hier:<\/p>\n<p>https:\/\/www.herold-center.de\/teilnahmebedingungen-herold-center-norderstedt-mitmachaktion-gewinnspiel-oster-rallye\/<\/p>\n<\/div>\n<\/div><\/div><div class=\"fusion-clearfix\"><\/div><\/article>\n<\/div><div class=\"fusion-infinite-scroll-trigger\"><\/div><div class=\"pagination infinite-scroll clearfix\" style=\"display:none;\"><span class=\"current\">1<\/span><a href=\"https:\/\/peggydiggledey.de\/index.php?rest_route=%2Fwp%2Fv2%2Fpages%2F1041&#038;paged=2\" class=\"inactive\">2<\/a><a class=\"pagination-next\" rel=\"next\" href=\"https:\/\/peggydiggledey.de\/index.php?rest_route=%2Fwp%2Fv2%2Fpages%2F1041&#038;paged=2\"><span class=\"page-text\">Vor<\/span><span class=\"page-next\"><\/span><\/a><\/div><div class=\"fusion-clearfix\"><\/div><\/div><\/div><style type=\"text\/css\">.fusion-body .fusion-builder-column-0{width:100% !important;margin-top : 19px;margin-bottom : 0px;}.fusion-builder-column-0 > .fusion-column-wrapper {padding-top : 0px !important;padding-right : 0px !important;margin-right : 1.92%;padding-bottom : 0px !important;padding-left : 0px !important;margin-left : 1.92%;}@media only screen and (max-width:1024px) {.fusion-body .fusion-builder-column-0{width:100% !important;}.fusion-builder-column-0 > .fusion-column-wrapper {margin-right : 1.92%;margin-left : 1.92%;}}@media only screen and (max-width:640px) {.fusion-body .fusion-builder-column-0{width:100% !important;}.fusion-builder-column-0 > .fusion-column-wrapper {margin-right : 1.92%;margin-left : 1.92%;}}<\/style><\/div><\/div><style type=\"text\/css\">.fusion-body .fusion-flex-container.fusion-builder-row-1{ padding-top : 0px;margin-top : 0px;padding-right : 0px;padding-bottom : 0px;margin-bottom : 0px;padding-left : 0px;}<\/style><\/div>\n","protected":false},"excerpt":{"rendered":"","protected":false},"author":1,"featured_media":0,"parent":0,"menu_order":0,"comment_status":"closed","ping_status":"closed","template":"","meta":{"footnotes":""},"class_list":["post-1041","page","type-page","status-publish","hentry"],"_links":{"self":[{"href":"https:\/\/peggydiggledey.de\/index.php?rest_route=\/wp\/v2\/pages\/1041","targetHints":{"allow":["GET"]}}],"collection":[{"href":"https:\/\/peggydiggledey.de\/index.php?rest_route=\/wp\/v2\/pages"}],"about":[{"href":"https:\/\/peggydiggledey.de\/index.php?rest_route=\/wp\/v2\/types\/page"}],"author":[{"embeddable":true,"href":"https:\/\/peggydiggledey.de\/index.php?rest_route=\/wp\/v2\/users\/1"}],"replies":[{"embeddable":true,"href":"https:\/\/peggydiggledey.de\/index.php?rest_route=%2Fwp%2Fv2%2Fcomments&post=1041"}],"version-history":[{"count":5,"href":"https:\/\/peggydiggledey.de\/index.php?rest_route=\/wp\/v2\/pages\/1041\/revisions"}],"predecessor-version":[{"id":1149,"href":"https:\/\/peggydiggledey.de\/index.php?rest_route=\/wp\/v2\/pages\/1041\/revisions\/1149"}],"wp:attachment":[{"href":"https:\/\/peggydiggledey.de\/index.php?rest_route=%2Fwp%2Fv2%2Fmedia&parent=1041"}],"curies":[{"name":"wp","href":"https:\/\/api.w.org\/{rel}","templated":true}]}}