{"id":36,"date":"2022-10-13T19:48:34","date_gmt":"2022-10-13T17:48:34","guid":{"rendered":"https:\/\/peggydiggledey.de\/?page_id=36"},"modified":"2026-02-18T11:17:59","modified_gmt":"2026-02-18T09:17:59","slug":"herzlich-willkommen","status":"publish","type":"page","link":"https:\/\/peggydiggledey.de\/","title":{"rendered":"Herzlich Willkommen"},"content":{"rendered":"<p><div class=\"fusion-fullwidth fullwidth-box fusion-builder-row-1 fusion-flex-container has-pattern-background has-mask-background nonhundred-percent-fullwidth non-hundred-percent-height-scrolling\" style=\"background-color: rgba(255,255,255,0);background-position: center center;background-repeat: no-repeat;border-width: 0px 0px 0px 0px;border-color:var(--awb-color3);border-style:solid;\" ><div class=\"fusion-builder-row fusion-row fusion-flex-align-items-flex-start\" style=\"max-width:1248px;margin-left: calc(-4% \/ 2 );margin-right: calc(-4% \/ 2 );\"><div class=\"fusion-layout-column fusion_builder_column fusion-builder-column-0 fusion_builder_column_1_1 1_1 fusion-flex-column\"><div class=\"fusion-column-wrapper fusion-flex-justify-content-flex-start fusion-content-layout-column\" style=\"background-position:left top;background-repeat:no-repeat;-webkit-background-size:cover;-moz-background-size:cover;-o-background-size:cover;background-size:cover;background-color:var(--awb-color4);padding: 48px 0px 0px 0px;\"><div class=\"fusion-text fusion-text-1 fusion-text-no-margin\" style=\"color:var(--awb-color1);margin-right:2px;margin-bottom:2px;margin-left:2px;\"><h2 style=\"text-align: center;\"><span style=\"color: #ffffff;\">Willkommen an Bord bei\u00a0Peggy Diggledey<\/span><\/h2>\n<\/div><\/div><style type=\"text\/css\">.fusion-body .fusion-builder-column-0{width:100% !important;margin-top : 0px;margin-bottom : 20px;}.fusion-builder-column-0 > .fusion-column-wrapper {padding-top : 48px !important;padding-right : 0px !important;margin-right : 1.92%;padding-bottom : 0 !important;padding-left : 0px !important;margin-left : 1.92%;}@media only screen and (max-width:1024px) {.fusion-body .fusion-builder-column-0{width:100% !important;order : 0;}.fusion-builder-column-0 > .fusion-column-wrapper {margin-right : 1.92%;margin-left : 1.92%;}}@media only screen and (max-width:640px) {.fusion-body .fusion-builder-column-0{width:100% !important;order : 0;}.fusion-builder-column-0 > .fusion-column-wrapper {margin-right : 1.92%;margin-left : 1.92%;}}<\/style><\/div><\/div><style type=\"text\/css\">.fusion-body .fusion-flex-container.fusion-builder-row-1{ padding-top : 0px;margin-top : 0px;padding-right : 0px;padding-bottom : 0px;margin-bottom : 0px;padding-left : 0px;}<\/style><\/div><div class=\"fusion-fullwidth fullwidth-box fusion-builder-row-2 fusion-flex-container has-pattern-background has-mask-background nonhundred-percent-fullwidth non-hundred-percent-height-scrolling\" style=\"background-color: rgba(255,255,255,0);background-position: center center;background-repeat: no-repeat;border-width: 0px 0px 0px 0px;border-color:var(--awb-color3);border-style:solid;\" ><div class=\"fusion-builder-row fusion-row fusion-flex-align-items-flex-start\" style=\"max-width:1248px;margin-left: calc(-4% \/ 2 );margin-right: calc(-4% \/ 2 );\"><div class=\"fusion-layout-column fusion_builder_column fusion-builder-column-1 fusion_builder_column_1_1 1_1 fusion-flex-column\"><div class=\"fusion-column-wrapper fusion-flex-justify-content-flex-start fusion-content-layout-column\" style=\"background-position:left top;background-repeat:no-repeat;-webkit-background-size:cover;-moz-background-size:cover;-o-background-size:cover;background-size:cover;padding: 0px 0px 0px 0px;\"><div style=\"text-align:center;\"><style>.element-bottomshadow.imageframe-1:before, .element-bottomshadow.imageframe-1:after{-webkit-box-shadow: 0 17px 10px var(--awb-color7);box-shadow: 0 17px 10px var(--awb-color7);}<\/style><div class=\"awb-image-frame awb-image-frame-1 fusion-image-frame-bottomshadow image-frame-shadow-1\"><span class=\" fusion-imageframe imageframe-bottomshadow imageframe-1 element-bottomshadow hover-type-none fusion-animated\" data-animationType=\"fadeInLeft\" data-animationDuration=\"0.3\" data-animationOffset=\"top-into-view\"><img decoding=\"async\" width=\"1024\" height=\"293\" title=\"Homepage-Header-Kopie\" src=\"https:\/\/peggydiggledey.de\/wp-content\/uploads\/2022\/10\/Homepage-Header-Kopie.jpg\" alt class=\"img-responsive wp-image-972\" srcset=\"https:\/\/peggydiggledey.de\/wp-content\/uploads\/2022\/10\/Homepage-Header-Kopie-200x57.jpg 200w, https:\/\/peggydiggledey.de\/wp-content\/uploads\/2022\/10\/Homepage-Header-Kopie-400x114.jpg 400w, https:\/\/peggydiggledey.de\/wp-content\/uploads\/2022\/10\/Homepage-Header-Kopie-600x172.jpg 600w, https:\/\/peggydiggledey.de\/wp-content\/uploads\/2022\/10\/Homepage-Header-Kopie-800x229.jpg 800w, https:\/\/peggydiggledey.de\/wp-content\/uploads\/2022\/10\/Homepage-Header-Kopie.jpg 1024w\" sizes=\"(max-width: 640px) 100vw, 1024px\" \/><\/span><\/div><\/div><div class=\"fusion-separator fusion-full-width-sep\" style=\"align-self: center;margin-left: auto;margin-right: auto;margin-top:20px;margin-bottom:5px;width:100%;\"><\/div><\/div><style type=\"text\/css\">.fusion-body .fusion-builder-column-1{width:100% !important;margin-top : 0px;margin-bottom : 20px;}.fusion-builder-column-1 > .fusion-column-wrapper {padding-top : 0px !important;padding-right : 0px !important;margin-right : 1.92%;padding-bottom : 0px !important;padding-left : 0px !important;margin-left : 1.92%;}@media only screen and (max-width:1024px) {.fusion-body .fusion-builder-column-1{width:100% !important;order : 0;}.fusion-builder-column-1 > .fusion-column-wrapper {margin-right : 1.92%;margin-left : 1.92%;}}@media only screen and (max-width:640px) {.fusion-body .fusion-builder-column-1{width:100% !important;order : 0;}.fusion-builder-column-1 > .fusion-column-wrapper {margin-right : 1.92%;margin-left : 1.92%;}}<\/style><\/div><\/div><style type=\"text\/css\">.fusion-body .fusion-flex-container.fusion-builder-row-2{ padding-top : 0px;margin-top : 0px;padding-right : 0px;padding-bottom : 0px;margin-bottom : 0px;padding-left : 0px;}<\/style><\/div><div class=\"fusion-fullwidth fullwidth-box fusion-builder-row-3 fusion-flex-container nonhundred-percent-fullwidth non-hundred-percent-height-scrolling\" style=\"background-color: rgba(255,255,255,0);background-position: center center;background-repeat: no-repeat;border-width: 0px 0px 0px 0px;border-color:var(--awb-color3);border-style:solid;\" ><div class=\"fusion-builder-row fusion-row fusion-flex-align-items-flex-start\" style=\"max-width:1248px;margin-left: calc(-4% \/ 2 );margin-right: calc(-4% \/ 2 );\"><div class=\"fusion-layout-column fusion_builder_column fusion-builder-column-2 fusion_builder_column_1_1 1_1 fusion-flex-column\"><div class=\"fusion-column-wrapper fusion-flex-justify-content-flex-start fusion-content-layout-column\" style=\"background-position:left top;background-blend-mode: overlay;background-repeat:no-repeat;-webkit-background-size:cover;-moz-background-size:cover;-o-background-size:cover;background-size:cover;padding: 0px 0px 0px 0px;\"><div class=\"fusion-text fusion-text-2\"><p style=\"text-align: center;\"><strong>\u201ePeggy Diggledey\u201c<\/strong>\u00a0ist das Spielwarengesch\u00e4ft f\u00fcr entdeckungslustige, wissbegierige Leute voller Tatendrang<br \/>\nim Elbe-Einkaufszentrum und im Herold-Center Norderstedt.<\/p>\n<p style=\"text-align: center;\">Egal ob jung oder junggeblieben, bei uns finden Sie Spiele f\u00fcr drinnen und drau\u00dfen, Puppen, Kuscheltiere, Kinder- und Malb\u00fccher, Puzzle, Lernspielzeug, Experimentierk\u00e4sten, H\u00f6rspiele und vieles mehr.<\/p>\n<p style=\"text-align: center;\">Das Produktsortiment wird sorgf\u00e4ltig nach den Kriterien\u00a0<strong>Spielwert, Qualit\u00e4t und Abenteuertauglichkeit<\/strong> zusammengestellt. Zu den angebotenen Marken geh\u00f6ren Top-Marken wie Amigo, Brio, Djeco, Eitech, Goki, G\u00f6tz, Haba, Kosmos, Lego\u00ae, Ostheimer, Playmobil, Ravensburger, Sigikid, Siku, Spiegelburg, Steiff, Sylvanian Families, Teddy Hermann, Teifoc, Tonies\u00ae und viele mehr.<\/p>\n<p style=\"text-align: center;\">Der Besuch bei Peggy Diggledey, der Ur-, Ur-, Ur-, Ur-Enkelin eines friedliebenden Piraten, der nichts mehr liebte als neue Welten zu entdecken, ist selber eine gro\u00dfe\u00a0<strong>Entdeckungsreise<\/strong>. Von den au\u00dfergew\u00f6hnlichen Schaufensterfassaden, \u00fcber die liebevoll gestalteten Regale bis hin zu den gro\u00dfen Kassenschiffen im Herold Center Norderstedt oder den bunten Container-LKWs und der neuen Serviceinsel im Elbe-Einkaufszentrum \u2013 \u00fcberall erwartet Sie das Ungew\u00f6hnliche.<\/p>\n<p style=\"text-align: center;\">Unsere <strong>Peggy Diggledey<\/strong>-Gesch\u00e4fte stecken voller toller Dinge, die jedoch erst durch die Fantasie der Kinder zu ihren wahren Bestimmungen erweckt werden.<\/p>\n<p style=\"text-align: center;\">Abenteuerlust geweckt? Dann schauen Sie in einem unserer Gesch\u00e4fte vorbei.<\/p>\n<\/div><\/div><style type=\"text\/css\">.fusion-body .fusion-builder-column-2{width:100% !important;margin-top : 0px;margin-bottom : 0px;}.fusion-builder-column-2 > .fusion-column-wrapper {padding-top : 0px !important;padding-right : 0px !important;margin-right : 1.92%;padding-bottom : 0px !important;padding-left : 0px !important;margin-left : 1.92%;}@media only screen and (max-width:1024px) {.fusion-body .fusion-builder-column-2{width:100% !important;}.fusion-builder-column-2 > .fusion-column-wrapper {margin-right : 1.92%;margin-left : 1.92%;}}@media only screen and (max-width:640px) {.fusion-body .fusion-builder-column-2{width:100% !important;}.fusion-builder-column-2 > .fusion-column-wrapper {margin-right : 1.92%;margin-left : 1.92%;}}<\/style><\/div><div class=\"fusion-layout-column fusion_builder_column fusion-builder-column-3 fusion_builder_column_1_2 1_2 fusion-flex-column\"><div class=\"fusion-column-wrapper fusion-flex-justify-content-flex-start fusion-content-layout-column\" style=\"background-position:left top;background-repeat:no-repeat;-webkit-background-size:cover;-moz-background-size:cover;-o-background-size:cover;background-size:cover;padding: 0px 0px 0px 0px;\"><\/div><style type=\"text\/css\">.fusion-body .fusion-builder-column-3{width:50% !important;margin-top : 0px;margin-bottom : 20px;}.fusion-builder-column-3 > .fusion-column-wrapper {padding-top : 0px !important;padding-right : 0px !important;margin-right : 3.84%;padding-bottom : 0px !important;padding-left : 0px !important;margin-left : 3.84%;}@media only screen and (max-width:1024px) {.fusion-body .fusion-builder-column-3{width:50% !important;order : 0;}.fusion-builder-column-3 > .fusion-column-wrapper {margin-right : 3.84%;margin-left : 3.84%;}}@media only screen and (max-width:640px) {.fusion-body .fusion-builder-column-3{width:100% !important;order : 0;}.fusion-builder-column-3 > .fusion-column-wrapper {margin-right : 1.92%;margin-left : 1.92%;}}<\/style><\/div><div class=\"fusion-layout-column fusion_builder_column fusion-builder-column-4 fusion_builder_column_1_2 1_2 fusion-flex-column\"><div class=\"fusion-column-wrapper fusion-flex-justify-content-flex-start fusion-content-layout-column\" style=\"background-position:left top;background-repeat:no-repeat;-webkit-background-size:cover;-moz-background-size:cover;-o-background-size:cover;background-size:cover;padding: 0px 0px 0px 0px;\"><div style=\"text-align:right;\"><span class=\" fusion-imageframe imageframe-none imageframe-2 hover-type-none\"><img decoding=\"async\" width=\"150\" height=\"150\" title=\"duo-logo-GMB-150&#215;150\" src=\"https:\/\/peggydiggledey.de\/wp-content\/uploads\/2022\/10\/duo-logo-GMB-150x150-1.jpg\" alt class=\"img-responsive wp-image-973\" srcset=\"https:\/\/peggydiggledey.de\/wp-content\/uploads\/2022\/10\/duo-logo-GMB-150x150-1-66x66.jpg 66w, https:\/\/peggydiggledey.de\/wp-content\/uploads\/2022\/10\/duo-logo-GMB-150x150-1.jpg 150w\" sizes=\"(max-width: 150px) 100vw, 150px\" \/><\/span><\/div><\/div><style type=\"text\/css\">.fusion-body .fusion-builder-column-4{width:50% !important;margin-top : 0px;margin-bottom : 20px;}.fusion-builder-column-4 > .fusion-column-wrapper {padding-top : 0px !important;padding-right : 0px !important;margin-right : 3.84%;padding-bottom : 0px !important;padding-left : 0px !important;margin-left : 3.84%;}@media only screen and (max-width:1024px) {.fusion-body .fusion-builder-column-4{width:50% !important;order : 0;}.fusion-builder-column-4 > .fusion-column-wrapper {margin-right : 3.84%;margin-left : 3.84%;}}@media only screen and (max-width:640px) {.fusion-body .fusion-builder-column-4{width:100% !important;order : 0;}.fusion-builder-column-4 > .fusion-column-wrapper {margin-right : 1.92%;margin-left : 1.92%;}}<\/style><\/div><\/div><style type=\"text\/css\">.fusion-body .fusion-flex-container.fusion-builder-row-3{ padding-top : 0px;margin-top : 0px;padding-right : 0px;padding-bottom : 0px;margin-bottom : 0px;padding-left : 0px;}<\/style><\/div><\/p>\n","protected":false},"excerpt":{"rendered":"","protected":false},"author":1,"featured_media":0,"parent":0,"menu_order":0,"comment_status":"closed","ping_status":"closed","template":"","meta":{"footnotes":""},"class_list":["post-36","page","type-page","status-publish","hentry"],"_links":{"self":[{"href":"https:\/\/peggydiggledey.de\/index.php?rest_route=\/wp\/v2\/pages\/36","targetHints":{"allow":["GET"]}}],"collection":[{"href":"https:\/\/peggydiggledey.de\/index.php?rest_route=\/wp\/v2\/pages"}],"about":[{"href":"https:\/\/peggydiggledey.de\/index.php?rest_route=\/wp\/v2\/types\/page"}],"author":[{"embeddable":true,"href":"https:\/\/peggydiggledey.de\/index.php?rest_route=\/wp\/v2\/users\/1"}],"replies":[{"embeddable":true,"href":"https:\/\/peggydiggledey.de\/index.php?rest_route=%2Fwp%2Fv2%2Fcomments&post=36"}],"version-history":[{"count":10,"href":"https:\/\/peggydiggledey.de\/index.php?rest_route=\/wp\/v2\/pages\/36\/revisions"}],"predecessor-version":[{"id":1423,"href":"https:\/\/peggydiggledey.de\/index.php?rest_route=\/wp\/v2\/pages\/36\/revisions\/1423"}],"wp:attachment":[{"href":"https:\/\/peggydiggledey.de\/index.php?rest_route=%2Fwp%2Fv2%2Fmedia&parent=36"}],"curies":[{"name":"wp","href":"https:\/\/api.w.org\/{rel}","templated":true}]}}