{"id":966,"date":"2022-10-14T09:47:06","date_gmt":"2022-10-14T07:47:06","guid":{"rendered":"https:\/\/peggydiggledey.de\/?page_id=966"},"modified":"2022-10-14T13:49:10","modified_gmt":"2022-10-14T11:49:10","slug":"impressum","status":"publish","type":"page","link":"https:\/\/peggydiggledey.de\/?page_id=966","title":{"rendered":"Impressum"},"content":{"rendered":"<p>Verantwortlich f\u00fcr die Inhalte gem\u00e4\u00df \u00a7\u00a7 5 TMG, 55 RStV<\/p>\n<p>thielchen GmbH<\/p>\n<p>Gesellschafter: Stephan Thiel | Nina Claus<br \/>\nGesch\u00e4ftsf\u00fchrer: Stephan Thiel<\/p>\n<p>c\/o Peggy Diggledey<br \/>\nBerliner Allee 34-44<br \/>\n22850 Norderstedt<br \/>\nDeutschland<\/p>\n<p>Telefon: 040-35779900<\/p>\n<p>E-Mail:\u00a0<a href=\"mailto:info@thielchen.de\">office@thielchen.de<\/a><\/p>\n<p>Umsatzsteuer-Identifikationsnummer: DE307426365<\/p>\n<p>HRB: 17806 KI<\/p>\n<h3><\/h3>\n<h3>HAFTUNGSAUSSCHLUSS<\/h3>\n<p>Inhalte: Wenngleich die Inhalte unserer Internetseiten mit gr\u00f6\u00dfter Sorgfalt erstellt worden sind, k\u00f6nnen wir f\u00fcr die Richtigkeit, Vollst\u00e4ndigkeit und Aktualit\u00e4t der bereitgestellten Informationen keine Gew\u00e4hr \u00fcbernehmen. Haftungsanspr\u00fcche sind daher grunds\u00e4tzlich ausgeschlossen. Wir behalten uns vor, die Inhalte unserer Internetseiten ohne gesonderte Ank\u00fcndigung zu ver\u00e4ndern, zu l\u00f6schen oder die Ver\u00f6ffentlichung im Ganzen einzustellen.<\/p>\n<p>Links: Trotz sorgf\u00e4ltiger inhaltlicher Kontrolle \u00fcbernehmen wir keine Haftung f\u00fcr die Inhalte externer Links. F\u00fcr den Inhalt der verlinkten Seiten sind ausschlie\u00dflich deren Betreiber verantwortlich.<\/p>\n<p>Das Landesgericht Hamburg hat mit Urteil vom 12. Mai 1998 \u201eHaftung f\u00fcr Links\u201c<br \/>\n(Az.: 312 O 85\/98) eindeutig entschieden, dass Betreiber von Internet Angeboten<br \/>\nmit der Anbringung von Links die Inhalte der gelinkten Seite ggf. mit zu verant-<br \/>\nworten haben. Diese Haftbarmachung kann ausschlie\u00dflich durch die ausdr\u00fcckliche<br \/>\nDistanzierung von diesen Inhalten vermieden werden.<\/p>\n<p>Wir, Stephan Thiel und Nina Claus, erkl\u00e4ren deshalb vorsorglich: \u201eWir distanzieren uns hiermit ausdr\u00fccklich von allen Inhalten s\u00e4mtlicher verlinkter Seiten und verweise darauf, dass wir weder Einfluss auf Gestaltung und Inhalte der verlinkten Seiten habe noch uns diese Inhalte zu eigen machen.\u201c<\/p>\n<h3>URHEBERRECHTSSCHUTZ<\/h3>\n<p>Die Inhalte (Text- und Bildmaterial) werden Internet-Nutzern ausschlie\u00dflich zum privaten, eigenen Gebrauch zur Verf\u00fcgung gestellt.<br \/>\nNachdruck und Vervielf\u00e4ltigung jeder Art sind auch auszugsweise nur mit<br \/>\nvorheriger Genehmigung von uns gestattet.<\/p>\n<h3>WIDERSPRUCH WERBE-MAILS<\/h3>\n<p>Die Nutzung der im Rahmen des Impressums oder vergleichbarer Angaben ver\u00f6ffentlichten Kontaktdaten wie Postanschriften, Telefon- und Faxnummern sowie Emailadressen durch Dritte zur \u00dcbersendung von nicht ausdr\u00fccklich angeforderten Informationen ist nicht gestattet. Rechtliche Schritte gegen die Versender von sogenannten Spam-Mails bei Verst\u00f6\u00dfen gegen dieses Verbot sind ausdr\u00fccklich vorbehalten.<\/p>\n","protected":false},"excerpt":{"rendered":"<p>Verantwortlich f\u00fcr die Inhalte gem\u00e4\u00df \u00a7\u00a7 5 TMG, 55 RStV [&hellip;]<\/p>\n","protected":false},"author":1,"featured_media":0,"parent":0,"menu_order":0,"comment_status":"closed","ping_status":"closed","template":"","meta":{"footnotes":""},"class_list":["post-966","page","type-page","status-publish","hentry"],"_links":{"self":[{"href":"https:\/\/peggydiggledey.de\/index.php?rest_route=\/wp\/v2\/pages\/966","targetHints":{"allow":["GET"]}}],"collection":[{"href":"https:\/\/peggydiggledey.de\/index.php?rest_route=\/wp\/v2\/pages"}],"about":[{"href":"https:\/\/peggydiggledey.de\/index.php?rest_route=\/wp\/v2\/types\/page"}],"author":[{"embeddable":true,"href":"https:\/\/peggydiggledey.de\/index.php?rest_route=\/wp\/v2\/users\/1"}],"replies":[{"embeddable":true,"href":"https:\/\/peggydiggledey.de\/index.php?rest_route=%2Fwp%2Fv2%2Fcomments&post=966"}],"version-history":[{"count":2,"href":"https:\/\/peggydiggledey.de\/index.php?rest_route=\/wp\/v2\/pages\/966\/revisions"}],"predecessor-version":[{"id":1030,"href":"https:\/\/peggydiggledey.de\/index.php?rest_route=\/wp\/v2\/pages\/966\/revisions\/1030"}],"wp:attachment":[{"href":"https:\/\/peggydiggledey.de\/index.php?rest_route=%2Fwp%2Fv2%2Fmedia&parent=966"}],"curies":[{"name":"wp","href":"https:\/\/api.w.org\/{rel}","templated":true}]}}