{"id":994,"date":"2022-10-14T11:22:03","date_gmt":"2022-10-14T09:22:03","guid":{"rendered":"https:\/\/peggydiggledey.de\/?page_id=994"},"modified":"2022-11-14T13:47:40","modified_gmt":"2022-11-14T11:47:40","slug":"service","status":"publish","type":"page","link":"https:\/\/peggydiggledey.de\/?page_id=994","title":{"rendered":"Service"},"content":{"rendered":"<p><div class=\"fusion-fullwidth fullwidth-box fusion-builder-row-1 fusion-flex-container has-pattern-background has-mask-background nonhundred-percent-fullwidth non-hundred-percent-height-scrolling fusion-animated\" style=\"background-color: rgba(255,255,255,0);background-position: center center;background-repeat: no-repeat;border-width: 0px 0px 0px 0px;border-color:var(--awb-color3);border-style:solid;\" data-animationType=\"fadeInLeft\" data-animationDuration=\"0.3\" data-animationOffset=\"top-into-view\" ><div class=\"fusion-builder-row fusion-row fusion-flex-align-items-flex-start\" style=\"max-width:1248px;margin-left: calc(-4% \/ 2 );margin-right: calc(-4% \/ 2 );\"><div class=\"fusion-layout-column fusion_builder_column fusion-builder-column-0 fusion_builder_column_1_1 1_1 fusion-flex-column\"><div class=\"fusion-column-wrapper fusion-flex-justify-content-flex-start fusion-content-layout-column\" style=\"background-position:left top;background-repeat:no-repeat;-webkit-background-size:cover;-moz-background-size:cover;-o-background-size:cover;background-size:cover;padding: 0px 0px 0px 0px;\"><div class=\"fusion-flip-boxes flip-boxes row fusion-columns-3 flip-effect-classic\"><div class=\"fusion-flip-box-wrapper fusion-column col-lg-4 col-md-4 col-sm-4\"><div class=\"fusion-flip-box flip-right\" tabindex=\"0\"><div class=\"flip-box-inner-wrapper\"><div class=\"flip-box-front\" style=\"background-color:var(--awb-color7);border-color:rgba(0,0,0,0);border-radius:6px;border-style:solid;border-width:1px;color:var(--awb-color3);transition-duration:0.8s;\"><div class=\"flip-box-front-inner\"><div class=\"flip-box-grafix flip-box-image\"><img decoding=\"async\" src=\"https:\/\/peggydiggledey.de\/wp-content\/uploads\/2022\/10\/Fachberatung-e1665741520595-400x400.jpg\" width=\"400\" height=\"400\" alt=\"\" \/><\/div>Fachberatung<\/div><\/div><div class=\"flip-box-back\" style=\"background-color:var(--awb-color5);border-color:rgba(0,0,0,0);border-radius:6px;border-style:solid;border-width:1px;color:hsla(var(--awb-color1-h),var(--awb-color1-s),var(--awb-color1-l),calc(var(--awb-color1-a) - 20%));transition-duration:0.8s;\"><div class=\"flip-box-back-inner\"><h3 class=\"flip-box-heading-back\" style=\"color:var(--awb-color1);\">Fachberatung<\/h3>\n<p>Peggy\u2019s Crew hilft Ihnen immer gerne weiter!<\/p>\n<\/div><\/div><\/div><\/div><\/div><div class=\"fusion-flip-box-wrapper fusion-column col-lg-4 col-md-4 col-sm-4\"><div class=\"fusion-flip-box flip-right\" tabindex=\"0\"><div class=\"flip-box-inner-wrapper\"><div class=\"flip-box-front\" style=\"background-color:var(--awb-color7);border-color:rgba(0,0,0,0);border-radius:6px;border-style:solid;border-width:1px;color:var(--awb-color3);transition-duration:0.8s;\"><div class=\"flip-box-front-inner\"><div class=\"flip-box-grafix flip-box-image\"><img decoding=\"async\" src=\"https:\/\/peggydiggledey.de\/wp-content\/uploads\/2022\/10\/Gutschein-e1665741555753-400x400.jpg\" width=\"400\" height=\"400\" alt=\"\" \/><\/div>Keine konkrete Geschenkidee?<\/div><\/div><div class=\"flip-box-back\" style=\"background-color:var(--awb-color5);border-color:rgba(0,0,0,0);border-radius:6px;border-style:solid;border-width:1px;color:hsla(var(--awb-color1-h),var(--awb-color1-s),var(--awb-color1-l),calc(var(--awb-color1-a) - 20%));transition-duration:0.8s;\"><div class=\"flip-box-back-inner\"><h3 class=\"flip-box-heading-back\" style=\"color:var(--awb-color1);\">Keine konkrete Geschenkidee?<\/h3>\n<p>Wir stellen Ihnen gerne einen Gutschein aus!<\/p>\n<\/div><\/div><\/div><\/div><\/div><div class=\"fusion-flip-box-wrapper fusion-column col-lg-4 col-md-4 col-sm-4\"><div class=\"fusion-flip-box flip-right\" tabindex=\"0\"><div class=\"flip-box-inner-wrapper\"><div class=\"flip-box-front\" style=\"background-color:var(--awb-color7);border-color:rgba(0,0,0,0);border-radius:6px;border-style:solid;border-width:1px;color:var(--awb-color3);transition-duration:0.8s;\"><div class=\"flip-box-front-inner\"><div class=\"flip-box-grafix flip-box-image\"><img decoding=\"async\" src=\"https:\/\/peggydiggledey.de\/wp-content\/uploads\/2022\/10\/Geschenkverpackung-e1665741573613-400x400.jpg\" width=\"400\" height=\"400\" alt=\"\" \/><\/div>Einpackservice<\/div><\/div><div class=\"flip-box-back\" style=\"background-color:var(--awb-color5);border-color:rgba(0,0,0,0);border-radius:6px;border-style:solid;border-width:1px;color:hsla(var(--awb-color1-h),var(--awb-color1-s),var(--awb-color1-l),calc(var(--awb-color1-a) - 20%));transition-duration:0.8s;\"><div class=\"flip-box-back-inner\"><h3 class=\"flip-box-heading-back\" style=\"color:var(--awb-color1);\">Einpackservice<\/h3>\n<p>Peggy\u2019s Crew packt Ihnen gerne alle Produkte liebevoll in sch\u00f6nem Geschenkpapier ein<\/p>\n<\/div><\/div><\/div><\/div><\/div><\/div><div class=\"fusion-flip-boxes flip-boxes row fusion-columns-3 flip-effect-classic\"><div class=\"fusion-flip-box-wrapper fusion-column col-lg-4 col-md-4 col-sm-4\"><div class=\"fusion-flip-box flip-right\" tabindex=\"0\"><div class=\"flip-box-inner-wrapper\"><div class=\"flip-box-front\" style=\"background-color:var(--awb-color7);border-color:rgba(0,0,0,0);border-radius:6px;border-style:solid;border-width:1px;color:var(--awb-color3);transition-duration:0.8s;\"><div class=\"flip-box-front-inner\"><div class=\"flip-box-grafix flip-box-image\"><img decoding=\"async\" src=\"https:\/\/peggydiggledey.de\/wp-content\/uploads\/2022\/10\/Bestellservice-e1665741591221-400x400.jpg\" width=\"400\" height=\"400\" alt=\"\" \/><\/div>Bestellservice<\/div><\/div><div class=\"flip-box-back\" style=\"background-color:var(--awb-color5);border-color:rgba(0,0,0,0);border-radius:6px;border-style:solid;border-width:1px;color:hsla(var(--awb-color1-h),var(--awb-color1-s),var(--awb-color1-l),calc(var(--awb-color1-a) - 20%));transition-duration:0.8s;\"><div class=\"flip-box-back-inner\"><h3 class=\"flip-box-heading-back\" style=\"color:var(--awb-color1);\">Bestellservice<\/h3>\n<p>Haben wir mal etwas nicht vorr\u00e4tig, bestellen wir es gerne f\u00fcr Sie!<\/p>\n<\/div><\/div><\/div><\/div><\/div><div class=\"fusion-flip-box-wrapper fusion-column col-lg-4 col-md-4 col-sm-4\"><div class=\"fusion-flip-box flip-right\" tabindex=\"0\"><div class=\"flip-box-inner-wrapper\"><div class=\"flip-box-front\" style=\"background-color:var(--awb-color7);border-color:rgba(0,0,0,0);border-radius:6px;border-style:solid;border-width:1px;color:var(--awb-color3);transition-duration:0.8s;\"><div class=\"flip-box-front-inner\"><div class=\"flip-box-grafix flip-box-image\"><img decoding=\"async\" src=\"https:\/\/peggydiggledey.de\/wp-content\/uploads\/2022\/10\/Reservieung-e1665741488122-400x400.jpg\" width=\"400\" height=\"400\" alt=\"\" \/><\/div>Reservierungen<\/div><\/div><div class=\"flip-box-back\" style=\"background-color:var(--awb-color5);border-color:rgba(0,0,0,0);border-radius:6px;border-style:solid;border-width:1px;color:hsla(var(--awb-color1-h),var(--awb-color1-s),var(--awb-color1-l),calc(var(--awb-color1-a) - 20%));transition-duration:0.8s;\"><div class=\"flip-box-back-inner\"><h3 class=\"flip-box-heading-back\" style=\"color:var(--awb-color1);\">Reservierungen<\/h3>\n<p>Gerne legen wir Ihnen ausgesuchte Produkte zur\u00fcck.<\/p>\n<\/div><\/div><\/div><\/div><\/div><div class=\"fusion-flip-box-wrapper fusion-column col-lg-4 col-md-4 col-sm-4\"><div class=\"fusion-flip-box flip-right\" tabindex=\"0\"><div class=\"flip-box-inner-wrapper\"><div class=\"flip-box-front\" style=\"background-color:var(--awb-color7);border-color:rgba(0,0,0,0);border-radius:6px;border-style:solid;border-width:1px;color:var(--awb-color3);transition-duration:0.8s;\"><div class=\"flip-box-front-inner\"><div class=\"flip-box-grafix flip-box-image\"><img decoding=\"async\" src=\"https:\/\/peggydiggledey.de\/wp-content\/uploads\/2022\/10\/Zahlung-e1665741609302-400x400.jpg\" width=\"400\" height=\"400\" alt=\"\" \/><\/div>EC- und Kreditkartenzahlungen<\/div><\/div><div class=\"flip-box-back\" style=\"background-color:var(--awb-color5);border-color:rgba(0,0,0,0);border-radius:6px;border-style:solid;border-width:1px;color:hsla(var(--awb-color1-h),var(--awb-color1-s),var(--awb-color1-l),calc(var(--awb-color1-a) - 20%));transition-duration:0.8s;\"><div class=\"flip-box-back-inner\"><h3 class=\"flip-box-heading-back\" style=\"color:var(--awb-color1);\">EC- und Kreditkartenzahlungen<\/h3>\n<p>&#8230;sind bei uns selbstverst\u00e4ndlich m\u00f6glich<strong>.<\/strong><\/p>\n<\/div><\/div><\/div><\/div><\/div><\/div><div class=\"fusion-flip-boxes flip-boxes row fusion-columns-3 flip-effect-classic\"><div class=\"fusion-flip-box-wrapper fusion-column col-lg-4 col-md-4 col-sm-4\"><div class=\"fusion-flip-box flip-right\" tabindex=\"0\"><div class=\"flip-box-inner-wrapper\"><div class=\"flip-box-front\" style=\"background-color:var(--awb-color7);border-color:rgba(0,0,0,0);border-radius:6px;border-style:solid;border-width:1px;color:var(--awb-color3);transition-duration:0.8s;\"><div class=\"flip-box-front-inner\"><div class=\"flip-box-grafix flip-box-image\"><img decoding=\"async\" src=\"https:\/\/peggydiggledey.de\/wp-content\/uploads\/2022\/10\/Geburtstagskiste-e1665741439797-400x400.jpg\" width=\"400\" height=\"400\" alt=\"\" \/><\/div>Geburtstagskisten<\/div><\/div><div class=\"flip-box-back\" style=\"background-color:var(--awb-color5);border-color:rgba(0,0,0,0);border-radius:6px;border-style:solid;border-width:1px;color:hsla(var(--awb-color1-h),var(--awb-color1-s),var(--awb-color1-l),calc(var(--awb-color1-a) - 20%));transition-duration:0.8s;\"><div class=\"flip-box-back-inner\"><h3 class=\"flip-box-heading-back\" style=\"color:var(--awb-color1);\">Geburtstagskisten<\/h3>\n<p>In liebevoll gestalteten Geburtstagskisten k\u00f6nnen Sie bei uns alle<br \/>\nGeburtstagsw\u00fcnsche Ihres Kindes sammeln und hinterlegen. Ihre G\u00e4ste k\u00f6nnen dann aus den zusammengestellten Geburtstagskisten Geschenke ausw\u00e4hlen,die wirklich gew\u00fcnscht sind. Entspanntes schenken und beschenken lassen!<\/p>\n<\/div><\/div><\/div><\/div><\/div><div class=\"fusion-flip-box-wrapper fusion-column col-lg-4 col-md-4 col-sm-4\"><div class=\"fusion-flip-box flip-right\" tabindex=\"0\"><div class=\"flip-box-inner-wrapper\"><div class=\"flip-box-front\" style=\"background-color:var(--awb-color7);border-color:rgba(0,0,0,0);border-radius:6px;border-style:solid;border-width:1px;color:var(--awb-color3);transition-duration:0.8s;\"><div class=\"flip-box-front-inner\"><div class=\"flip-box-grafix flip-box-image\"><img decoding=\"async\" src=\"https:\/\/peggydiggledey.de\/wp-content\/uploads\/2022\/10\/Umtausch-e1665741638949-400x400.jpg\" width=\"400\" height=\"400\" alt=\"\" \/><\/div>Umtauschservice<\/div><\/div><div class=\"flip-box-back\" style=\"background-color:var(--awb-color5);border-color:rgba(0,0,0,0);border-radius:6px;border-style:solid;border-width:1px;color:hsla(var(--awb-color1-h),var(--awb-color1-s),var(--awb-color1-l),calc(var(--awb-color1-a) - 20%));transition-duration:0.8s;\"><div class=\"flip-box-back-inner\"><h3 class=\"flip-box-heading-back\" style=\"color:var(--awb-color1);\">Umtauschservice<\/h3>\n<p>Innerhalb von drei Wochen, Originalverpackt und mit Beleg tauschen wir Ihnen nicht gew\u00fcnschte Geschenke gerne gegen Ware oder Gutschein.<\/p>\n<\/div><\/div><\/div><\/div><\/div><div class=\"fusion-flip-box-wrapper fusion-column col-lg-4 col-md-4 col-sm-4\"><div class=\"fusion-flip-box flip-right\" tabindex=\"0\"><div class=\"flip-box-inner-wrapper\"><div class=\"flip-box-front\" style=\"background-color:var(--awb-color7);border-color:rgba(0,0,0,0);border-radius:6px;border-style:solid;border-width:1px;color:var(--awb-color3);transition-duration:0.8s;\"><div class=\"flip-box-front-inner\"><div class=\"flip-box-grafix flip-box-image\"><img decoding=\"async\" src=\"https:\/\/peggydiggledey.de\/wp-content\/uploads\/2022\/10\/Kullerbu-e1665741654279-400x400.jpg\" width=\"400\" height=\"400\" alt=\"\" \/><\/div>Spieltische<\/div><\/div><div class=\"flip-box-back\" style=\"background-color:var(--awb-color5);border-color:rgba(0,0,0,0);border-radius:6px;border-style:solid;border-width:1px;color:hsla(var(--awb-color1-h),var(--awb-color1-s),var(--awb-color1-l),calc(var(--awb-color1-a) - 20%));transition-duration:0.8s;\"><div class=\"flip-box-back-inner\"><h3 class=\"flip-box-heading-back\" style=\"color:var(--awb-color1);\">Spieltische<\/h3>\n<div>W\u00e4hrend die Kleinen spielen, k\u00f6nnen die Gro\u00dfen in Ruhe st\u00f6bern! Diverse Spieltische warten auf Sie!<\/div>\n<\/div><\/div><\/div><\/div><\/div><\/div><div class=\"fusion-flip-boxes flip-boxes row fusion-columns-1 flip-effect-classic\"><div class=\"fusion-flip-box-wrapper fusion-column col-lg-12 col-md-12 col-sm-12\"><div class=\"fusion-flip-box flip-right\" tabindex=\"0\"><div class=\"flip-box-inner-wrapper\"><div class=\"flip-box-front\" style=\"background-color:var(--awb-color7);border-color:rgba(0,0,0,0);border-radius:6px;border-style:solid;border-width:1px;color:var(--awb-color3);transition-duration:0.8s;\"><div class=\"flip-box-front-inner\"><div class=\"flip-box-grafix flip-box-image\"><img decoding=\"async\" src=\"https:\/\/peggydiggledey.de\/wp-content\/uploads\/2022\/10\/Heliumballons-e1665741674452-300x300.jpg\" width=\"400\" height=\"400\" alt=\"\" \/><\/div>Heliumballons<\/div><\/div><div class=\"flip-box-back\" style=\"background-color:var(--awb-color5);border-color:rgba(0,0,0,0);border-radius:6px;border-style:solid;border-width:1px;color:hsla(var(--awb-color1-h),var(--awb-color1-s),var(--awb-color1-l),calc(var(--awb-color1-a) - 20%));transition-duration:0.8s;\"><div class=\"flip-box-back-inner\"><h3 class=\"flip-box-heading-back\" style=\"color:var(--awb-color1);\">Nur bei Peggy Diggledey in Norderstedt:<\/h3>\n<p>Heliumballons mit F\u00fcllung!<\/p>\n<\/div><\/div><\/div><\/div><\/div><\/div><\/div><style type=\"text\/css\">.fusion-body .fusion-builder-column-0{width:100% !important;margin-top : 0px;margin-bottom : 20px;}.fusion-builder-column-0 > .fusion-column-wrapper {padding-top : 0px !important;padding-right : 0px !important;margin-right : 1.92%;padding-bottom : 0px !important;padding-left : 0px !important;margin-left : 1.92%;}@media only screen and (max-width:1024px) {.fusion-body .fusion-builder-column-0{width:100% !important;order : 0;}.fusion-builder-column-0 > .fusion-column-wrapper {margin-right : 1.92%;margin-left : 1.92%;}}@media only screen and (max-width:640px) {.fusion-body .fusion-builder-column-0{width:100% !important;order : 0;}.fusion-builder-column-0 > .fusion-column-wrapper {margin-right : 1.92%;margin-left : 1.92%;}}<\/style><\/div><\/div><style type=\"text\/css\">.fusion-body .fusion-flex-container.fusion-builder-row-1{ padding-top : 0px;margin-top : 60px;padding-right : 0px;padding-bottom : 0px;margin-bottom : 0px;padding-left : 0px;}<\/style><\/div><div class=\"fusion-fullwidth fullwidth-box fusion-builder-row-2 fusion-flex-container has-pattern-background has-mask-background nonhundred-percent-fullwidth non-hundred-percent-height-scrolling\" style=\"background-color: rgba(255,255,255,0);background-position: center center;background-repeat: no-repeat;border-width: 0px 0px 0px 0px;border-color:var(--awb-color3);border-style:solid;\" ><div class=\"fusion-builder-row fusion-row fusion-flex-align-items-flex-start\" style=\"max-width:1248px;margin-left: calc(-4% \/ 2 );margin-right: calc(-4% \/ 2 );\"><\/div><style type=\"text\/css\">.fusion-body .fusion-flex-container.fusion-builder-row-2{ padding-top : 0px;margin-top : 0px;padding-right : 0px;padding-bottom : 0px;margin-bottom : 0px;padding-left : 0px;}<\/style><\/div><\/p>\n","protected":false},"excerpt":{"rendered":"","protected":false},"author":1,"featured_media":0,"parent":0,"menu_order":0,"comment_status":"closed","ping_status":"closed","template":"","meta":{"footnotes":""},"class_list":["post-994","page","type-page","status-publish","hentry"],"_links":{"self":[{"href":"https:\/\/peggydiggledey.de\/index.php?rest_route=\/wp\/v2\/pages\/994","targetHints":{"allow":["GET"]}}],"collection":[{"href":"https:\/\/peggydiggledey.de\/index.php?rest_route=\/wp\/v2\/pages"}],"about":[{"href":"https:\/\/peggydiggledey.de\/index.php?rest_route=\/wp\/v2\/types\/page"}],"author":[{"embeddable":true,"href":"https:\/\/peggydiggledey.de\/index.php?rest_route=\/wp\/v2\/users\/1"}],"replies":[{"embeddable":true,"href":"https:\/\/peggydiggledey.de\/index.php?rest_route=%2Fwp%2Fv2%2Fcomments&post=994"}],"version-history":[{"count":15,"href":"https:\/\/peggydiggledey.de\/index.php?rest_route=\/wp\/v2\/pages\/994\/revisions"}],"predecessor-version":[{"id":1107,"href":"https:\/\/peggydiggledey.de\/index.php?rest_route=\/wp\/v2\/pages\/994\/revisions\/1107"}],"wp:attachment":[{"href":"https:\/\/peggydiggledey.de\/index.php?rest_route=%2Fwp%2Fv2%2Fmedia&parent=994"}],"curies":[{"name":"wp","href":"https:\/\/api.w.org\/{rel}","templated":true}]}}